{"id":13,"date":"2026-03-07T19:49:47","date_gmt":"2026-03-07T19:49:47","guid":{"rendered":"https:\/\/cosem.org.tr\/v2\/?page_id=13"},"modified":"2026-03-07T20:23:54","modified_gmt":"2026-03-07T20:23:54","slug":"anasayfa","status":"publish","type":"page","link":"https:\/\/cosem.org.tr\/","title":{"rendered":"Anasayfa"},"content":{"rendered":"\n  <div class=\"banner has-hover bg-overlay-remove\" id=\"banner-79956725\">\n          <div class=\"banner-inner fill\">\n        <div class=\"banner-bg fill\" >\n            <img loading=\"lazy\" decoding=\"async\" width=\"1536\" height=\"1024\" src=\"https:\/\/cosem.org.tr\/wp-content\/uploads\/2026\/03\/banner1.webp\" class=\"bg attachment-original size-original\" alt=\"\" \/>                        <div class=\"overlay\"><\/div>            \n                    <\/div>\n\t\t\n        <div class=\"banner-layers container\">\n            <div class=\"fill banner-link\"><\/div>            \n   <div id=\"text-box-1307204227\" class=\"text-box banner-layer x95 md-x95 lg-x95 y0 md-y0 lg-y0 res-text\">\n                                <div class=\"text-box-content text box-shadow-3\">\n              \n              <div class=\"text-inner text-left\">\n                  \n\t<div id=\"gap-1360153533\" class=\"gap-element clearfix hide-for-small\" style=\"display:block; height:auto;\">\n\t\t\n<style>\n#gap-1360153533 {\n  padding-top: 90px;\n}\n<\/style>\n\t<\/div>\n\t\n\t<div id=\"text-3641151331\" class=\"text\">\n\t\t\n<h3>Sanayi \u0130\u00e7in Nitelikli \u0130nsan Kayna\u011f\u0131<\/h3>\n<p>\u00c7orum Organize Sanayi S\u00fcrekli E\u011fitim Merkezi, sanayinin ihtiya\u00e7 duydu\u011fu yetkin \u00e7al\u0131\u015fanlar\u0131 yeti\u015ftirerek \u00fcretim g\u00fcc\u00fcn\u00fc gelece\u011fe ta\u015f\u0131yor.<\/p>\n\t\t\n<style>\n#text-3641151331 {\n  font-size: 0.85rem;\n  text-align: left;\n}\n<\/style>\n\t<\/div>\n\t\n\t<div id=\"gap-1030064775\" class=\"gap-element clearfix hide-for-small\" style=\"display:block; height:auto;\">\n\t\t\n<style>\n#gap-1030064775 {\n  padding-top: 30px;\n}\n<\/style>\n\t<\/div>\n\t\n<a class=\"button primary box-shadow-1 box-shadow-3-hover reveal-icon\" >\n\t\t<span>E\u011e\u0130T\u0130MLER\u0130 \u0130NCELE<\/span>\n\t<i class=\"icon-angle-right\" aria-hidden=\"true\"><\/i><\/a>\n\n<a class=\"button primary is-outline box-shadow-1 box-shadow-3-hover reveal-icon\" >\n\t\t<span>\u0130LET\u0130\u015e\u0130ME GE\u00c7<\/span>\n\t<i class=\"icon-angle-right\" aria-hidden=\"true\"><\/i><\/a>\n\n              <\/div>\n           <\/div>\n                            \n<style>\n#text-box-1307204227 .text-box-content {\n  background-color: rgba(255, 255, 255, 0.709);\n  font-size: 100%;\n}\n#text-box-1307204227 .text-inner {\n  padding: 30px 30px 30px 30px;\n}\n#text-box-1307204227 {\n  width: 73%;\n}\n@media (min-width:550px) {\n  #text-box-1307204227 {\n    width: 35%;\n  }\n}\n<\/style>\n    <\/div>\n \n        <\/div>\n      <\/div>\n\n            \n<style>\n#banner-79956725 {\n  padding-top: 500px;\n}\n#banner-79956725 .overlay {\n  background-color: rgba(255, 255, 255, 0.116);\n}\n#banner-79956725 .banner-bg img {\n  object-position: 9% 26%;\n}\n<\/style>\n  <\/div>\n\n\n\n\t<section class=\"section\" id=\"section_1485007186\">\n\t\t<div class=\"section-bg fill\" >\n\t\t\t\t\t\t\t\t\t\n\t\t\t\n\n\t\t<\/div>\n\n\t\t\n\n\t\t<div class=\"section-content relative\">\n\t\t\t\n\t\t<\/div>\n\n\t\t\n<style>\n#section_1485007186 {\n  padding-top: 30px;\n  padding-bottom: 30px;\n}\n<\/style>\n\t<\/section>\n\t\n\n\t<section class=\"section\" id=\"section_1635464653\">\n\t\t<div class=\"section-bg fill\" >\n\t\t\t\t\t\t\t\t\t\n\t\t\t\n\n\t\t<\/div>\n\n\t\t\n\n\t\t<div class=\"section-content relative\">\n\t\t\t\n<div class=\"row row-collapse row-full-width align-middle\"  id=\"row-1303306353\">\n\n\t<div id=\"col-1264948262\" class=\"col medium-6 small-12 large-6\"  >\n\t\t\t\t<div class=\"col-inner\"  >\n\t\t\t\n\t\t\t\n\n  <div class=\"banner has-hover hide-for-small\" id=\"banner-1343717299\">\n          <div class=\"banner-inner fill\">\n        <div class=\"banner-bg fill\" >\n            <img loading=\"lazy\" decoding=\"async\" width=\"1024\" height=\"1536\" src=\"https:\/\/cosem.org.tr\/wp-content\/uploads\/2026\/03\/banner3.webp\" class=\"bg attachment-original size-original\" alt=\"\" \/>                                    \n                    <\/div>\n\t\t\n        <div class=\"banner-layers container\">\n            <div class=\"fill banner-link\"><\/div>            \n        <\/div>\n      <\/div>\n\n            \n<style>\n#banner-1343717299 {\n  padding-top: 300px;\n  background-color: rgba(255, 255, 255, 0);\n}\n#banner-1343717299 .banner-bg img {\n  object-position: 64% 33%;\n}\n@media (min-width:550px) {\n  #banner-1343717299 {\n    padding-top: 650px;\n  }\n}\n<\/style>\n  <\/div>\n\n\n\t\t<\/div>\n\t\t\t\t\t<\/div>\n\n\t\n\n\t<div id=\"col-1896713723\" class=\"col medium-6 small-12 large-6\"  >\n\t\t\t\t<div class=\"col-inner\"  >\n\t\t\t\n\t\t\t\n<div class=\"row align-center\"  id=\"row-1616205947\">\n\n\t<div id=\"col-931043593\" class=\"col medium-9 small-12 large-9\"  >\n\t\t\t\t<div class=\"col-inner\"  >\n\t\t\t\n\t\t\t\n\t<div id=\"text-2410318817\" class=\"text\">\n\t\t\n<h2>\u00c7OSEM Hizmet vermeye ba\u015flad\u0131!<\/h2>\n\t\t\n<style>\n#text-2410318817 {\n  font-size: 1.5rem;\n}\n@media (min-width:850px) {\n  #text-2410318817 {\n    font-size: 1.75rem;\n  }\n}\n<\/style>\n\t<\/div>\n\t\n<p>\u00c7orum Organize Sanayi S\u00fcrekli E\u011fitim Merkezi (\u00c7OSEM), sanayi kurulu\u015flar\u0131n\u0131n ihtiya\u00e7 duydu\u011fu nitelikli i\u015f g\u00fcc\u00fcn\u00fc yeti\u015ftirmek, \u00e7al\u0131\u015fanlar\u0131n mesleki geli\u015fimini desteklemek ve b\u00f6lgesel kalk\u0131nmaya katk\u0131 sa\u011flamak amac\u0131yla kurulmu\u015ftur.<\/p>\n<p>Sanayi, teknoloji ve \u00fcretim alanlar\u0131nda verilen e\u011fitimlerle bireylerin meslek sahibi olmalar\u0131, i\u015fletmelerin ise rekabet g\u00fcc\u00fcn\u00fcn artmas\u0131 hedeflenmektedir.<\/p>\n\t<div id=\"gap-149088098\" class=\"gap-element clearfix\" style=\"display:block; height:auto;\">\n\t\t\n<style>\n#gap-149088098 {\n  padding-top: 20px;\n}\n<\/style>\n\t<\/div>\n\t\n\t<div id=\"stack-4172057533\" class=\"stack stack-row justify-start items-stretch md:stack-col\">\n\t\t\n<a class=\"button secondary reveal-icon\" style=\"border-radius:10px;padding:10px 30px 10px 30px;\">\n\t\t<span>BA\u015eVURU<\/span>\n\t<i class=\"icon-angle-right\" aria-hidden=\"true\"><\/i><\/a>\n\n<a class=\"button secondary is-link\" style=\"padding:10px 30px 10px 30px;\">\n\t\t<span>DETAYLI B\u0130LG\u0130<\/span>\n\t<i class=\"icon-angle-right\" aria-hidden=\"true\"><\/i><\/a>\n\n\t\t\n<style>\n#stack-4172057533 > * {\n  --stack-gap: 0.25rem;\n}\n<\/style>\n\t<\/div>\n\t\n\t<div id=\"gap-1033368558\" class=\"gap-element clearfix\" style=\"display:block; height:auto;\">\n\t\t\n<style>\n#gap-1033368558 {\n  padding-top: 45px;\n}\n<\/style>\n\t<\/div>\n\t\n\t\t<\/div>\n\t\t\t\t\n<style>\n#col-931043593 > .col-inner {\n  padding: 50px 20px 20px 20px;\n}\n@media (min-width:550px) {\n  #col-931043593 > .col-inner {\n    padding: 0px 0px 0px 0;\n  }\n}\n<\/style>\n\t<\/div>\n\n\t\n<\/div>\n\t\t<\/div>\n\t\t\t\t\t<\/div>\n\n\t\n<\/div>\n<div class=\"row\"  id=\"row-803809213\">\n\n\t<div id=\"col-1760066512\" class=\"col small-12 large-12\"  >\n\t\t\t\t<div class=\"col-inner\" style=\"background-color:#0f336d;\" >\n\t\t\t\n\t\t\t\n<div class=\"row row-large align-center\"  id=\"row-918055750\">\n\n\t<div id=\"col-993550736\" class=\"col medium-3 small-6 large-3\"  >\n\t\t\t\t<div class=\"col-inner\"  >\n\t\t\t\n\t\t\t\n<a class=\"button white is-link is-large box-shadow-5-hover\" >\n\t<i class=\"icon-user\" aria-hidden=\"true\"><\/i>\t<span>Meslek Edindirme E\u011fitimleri<\/span>\n\t<\/a>\n\n\t\t<\/div>\n\t\t\t\t\t<\/div>\n\n\t\n\n\t<div id=\"col-926284292\" class=\"col medium-3 small-6 large-3\"  >\n\t\t\t\t<div class=\"col-inner\"  >\n\t\t\t\n\t\t\t\n<a class=\"button white is-link is-large box-shadow-5-hover\" >\n\t<i class=\"icon-play\" aria-hidden=\"true\"><\/i>\t<span>Kurumsal dan\u0131\u015fmanl\u0131k hizmetleri<\/span>\n\t<\/a>\n\n\t\t<\/div>\n\t\t\t\t\t<\/div>\n\n\t\n\n\t<div id=\"col-540422832\" class=\"col medium-3 small-6 large-3\"  >\n\t\t\t\t<div class=\"col-inner\"  >\n\t\t\t\n\t\t\t\n<a class=\"button white is-link is-large box-shadow-5-hover\" >\n\t<i class=\"icon-checkmark\" aria-hidden=\"true\"><\/i>\t<span>Sertifikal\u0131 Seminer ve E\u011fitimler<\/span>\n\t<\/a>\n\n\t\t<\/div>\n\t\t\t\t\t<\/div>\n\n\t\n\n\t<div id=\"col-1092883798\" class=\"col medium-3 small-6 large-3\"  >\n\t\t\t\t<div class=\"col-inner\"  >\n\t\t\t\n\t\t\t\n<a class=\"button white is-link is-large box-shadow-5-hover\" >\n\t<i class=\"icon-clock\" aria-hidden=\"true\"><\/i>\t<span>kurumsal  kapasite art\u0131rma<\/span>\n\t<\/a>\n\n\t\t<\/div>\n\t\t\t\t\t<\/div>\n\n\t\n<\/div>\n\t\t<\/div>\n\t\t\t\t\n<style>\n#col-1760066512 > .col-inner {\n  margin: -20px 0px 0px 0px;\n  border-radius: 30px;\n}\n@media (min-width:550px) {\n  #col-1760066512 > .col-inner {\n    margin: -95px 0px 0px 0px;\n  }\n}\n<\/style>\n\t<\/div>\n\n\t\n\n<style>\n#row-803809213 > .col > .col-inner {\n  padding: 10% 10% 5% 10%;\n}\n@media (min-width:550px) {\n  #row-803809213 > .col > .col-inner {\n    padding: 5% 5% 2% 5%;\n  }\n}\n<\/style>\n<\/div>\n\t\t<\/div>\n\n\t\t\n<style>\n#section_1635464653 {\n  padding-top: 0px;\n  padding-bottom: 0px;\n}\n<\/style>\n\t<\/section>\n\t\n\n\t<section class=\"section\" id=\"section_1547190603\">\n\t\t<div class=\"section-bg fill\" >\n\t\t\t\t\t\t\t\t\t\n\t\t\t\n\n\t\t<\/div>\n\n\t\t\n\n\t\t<div class=\"section-content relative\">\n\t\t\t\n<div class=\"row align-center\"  id=\"row-853935550\">\n\n\t<div id=\"col-686787293\" class=\"col medium-6 small-12 large-8\"  >\n\t\t\t\t<div class=\"col-inner text-center\"  >\n\t\t\t\n\t\t\t\n\t<div id=\"gap-2007000566\" class=\"gap-element clearfix\" style=\"display:block; height:auto;\">\n\t\t\n<style>\n#gap-2007000566 {\n  padding-top: 30px;\n}\n<\/style>\n\t<\/div>\n\t\n\t<div id=\"text-1258138537\" class=\"text\">\n\t\t\n<h3>Aktif E\u011fitimlerimiz<\/h3>\n\t\t\n<style>\n#text-1258138537 {\n  font-size: 2.25rem;\n  line-height: 0.75;\n}\n<\/style>\n\t<\/div>\n\t\n<p data-start=\"1910\" data-end=\"2072\">\u00c7OSEM, \u00fcniversiteler, kamu kurumlar\u0131 ve sanayi kurulu\u015flar\u0131 ile i\u015f birli\u011fi i\u00e7erisinde <strong data-start=\"1995\" data-end=\"2027\">hayat boyu \u00f6\u011frenme yakla\u015f\u0131m\u0131<\/strong> do\u011frultusunda faaliyetlerini s\u00fcrd\u00fcrmektedir.<\/p>\n\t\t<\/div>\n\t\t\t\t\t<\/div>\n\n\t\n<\/div>\n<div class=\"row row-small align-equal row-box-shadow-3-hover\"  id=\"row-1784823899\">\n\n\t<div id=\"col-872975425\" class=\"col medium-4 small-12 large-4\"  >\n\t\t\t\t<div class=\"col-inner\" style=\"background-color:rgb(255, 250, 238);\" >\n\t\t\t\n\t\t\t\n\n\t<a class=\"plain\" href=\"#\" >\t<div class=\"icon-box featured-box icon-box-center text-center\"  >\n\t\t\t\t<div class=\"icon-box-text last-reset\">\n\t\t\t\t\t\t\t\t\t\n\t<div id=\"text-2222852960\" class=\"text\">\n\t\t\n<h2>CNC Operat\u00f6rl\u00fc\u011f\u00fc<\/h2>\n\t\t\n<style>\n#text-2222852960 {\n  font-size: 1rem;\n}\n@media (min-width:850px) {\n  #text-2222852960 {\n    font-size: 1.25rem;\n  }\n}\n<\/style>\n\t<\/div>\n\t\n\t<div id=\"gap-1042840430\" class=\"gap-element clearfix\" style=\"display:block; height:auto;\">\n\t\t\n<style>\n#gap-1042840430 {\n  padding-top: 10px;\n}\n<\/style>\n\t<\/div>\n\t\n<a class=\"button secondary is-link is-small\" >\n\t\t<span>Detayl\u0131 bilgi<\/span>\n\t<i class=\"icon-angle-right\" aria-hidden=\"true\"><\/i><\/a>\n\n\t\t<\/div>\n\t<\/div>\n\t<\/a>\n\t\n\t\t<\/div>\n\t\t\t\t\t<\/div>\n\n\t\n\n\t<div id=\"col-709546735\" class=\"col medium-4 small-12 large-4\"  >\n\t\t\t\t<div class=\"col-inner\" style=\"background-color:rgb(235, 241, 251);\" >\n\t\t\t\n\t\t\t\n\n\t<a class=\"plain\" href=\"#\" >\t<div class=\"icon-box featured-box icon-box-center text-center\"  >\n\t\t\t\t<div class=\"icon-box-text last-reset\">\n\t\t\t\t\t\t\t\t\t\n\t<div id=\"text-1437245843\" class=\"text\">\n\t\t\n<h2>Mekanik <\/br>Bak\u0131m<\/h2>\n\t\t\n<style>\n#text-1437245843 {\n  font-size: 1rem;\n}\n@media (min-width:850px) {\n  #text-1437245843 {\n    font-size: 1.25rem;\n  }\n}\n<\/style>\n\t<\/div>\n\t\n\t<div id=\"gap-876586932\" class=\"gap-element clearfix\" style=\"display:block; height:auto;\">\n\t\t\n<style>\n#gap-876586932 {\n  padding-top: 10px;\n}\n<\/style>\n\t<\/div>\n\t\n<a class=\"button secondary is-link is-small\" >\n\t\t<span>Detayl\u0131 bilgi<\/span>\n\t<i class=\"icon-angle-right\" aria-hidden=\"true\"><\/i><\/a>\n\n\t\t<\/div>\n\t<\/div>\n\t<\/a>\n\t\n\t\t<\/div>\n\t\t\t\t\t<\/div>\n\n\t\n\n\t<div id=\"col-612979644\" class=\"col medium-4 small-12 large-4\"  >\n\t\t\t\t<div class=\"col-inner\" style=\"background-color:rgb(255, 241, 250);\" >\n\t\t\t\n\t\t\t\n\n\t<a class=\"plain\" href=\"#\" >\t<div class=\"icon-box featured-box icon-box-center text-center\"  >\n\t\t\t\t<div class=\"icon-box-text last-reset\">\n\t\t\t\t\t\t\t\t\t\n\t<div id=\"text-1457277028\" class=\"text\">\n\t\t\n<h2>End\u00fcstriyel Otomasyon<\/h2>\n\t\t\n<style>\n#text-1457277028 {\n  font-size: 1rem;\n}\n@media (min-width:850px) {\n  #text-1457277028 {\n    font-size: 1.25rem;\n  }\n}\n<\/style>\n\t<\/div>\n\t\n\t<div id=\"gap-638810308\" class=\"gap-element clearfix\" style=\"display:block; height:auto;\">\n\t\t\n<style>\n#gap-638810308 {\n  padding-top: 10px;\n}\n<\/style>\n\t<\/div>\n\t\n<a class=\"button secondary is-link is-small\" >\n\t\t<span>Detayl\u0131 bilgi<\/span>\n\t<i class=\"icon-angle-right\" aria-hidden=\"true\"><\/i><\/a>\n\n\t\t<\/div>\n\t<\/div>\n\t<\/a>\n\t\n\t\t<\/div>\n\t\t\t\t\t<\/div>\n\n\t\n\n\t<div id=\"col-2024375247\" class=\"col medium-4 small-12 large-4\"  >\n\t\t\t\t<div class=\"col-inner\" style=\"background-color:rgb(237, 250, 254);\" >\n\t\t\t\n\t\t\t\n\n\t<a class=\"plain\" href=\"#\" >\t<div class=\"icon-box featured-box icon-box-center text-center\"  >\n\t\t\t\t<div class=\"icon-box-text last-reset\">\n\t\t\t\t\t\t\t\t\t\n\t<div id=\"text-1635614231\" class=\"text\">\n\t\t\n<h2>CAD \/ CAM Yaz\u0131l\u0131mlar\u0131<\/h2>\n\t\t\n<style>\n#text-1635614231 {\n  font-size: 1rem;\n}\n@media (min-width:850px) {\n  #text-1635614231 {\n    font-size: 1.25rem;\n  }\n}\n<\/style>\n\t<\/div>\n\t\n\t<div id=\"gap-1028622534\" class=\"gap-element clearfix\" style=\"display:block; height:auto;\">\n\t\t\n<style>\n#gap-1028622534 {\n  padding-top: 10px;\n}\n<\/style>\n\t<\/div>\n\t\n<a class=\"button secondary is-link is-small\" >\n\t\t<span>Detayl\u0131 bilgi<\/span>\n\t<i class=\"icon-angle-right\" aria-hidden=\"true\"><\/i><\/a>\n\n\t\t<\/div>\n\t<\/div>\n\t<\/a>\n\t\n\t\t<\/div>\n\t\t\t\t\t<\/div>\n\n\t\n\n\t<div id=\"col-1030421563\" class=\"col medium-4 small-12 large-4\"  >\n\t\t\t\t<div class=\"col-inner\" style=\"background-color:rgb(241, 234, 254);\" >\n\t\t\t\n\t\t\t\n\n\t<a class=\"plain\" href=\"#\" >\t<div class=\"icon-box featured-box icon-box-center text-center\"  >\n\t\t\t\t<div class=\"icon-box-text last-reset\">\n\t\t\t\t\t\t\t\t\t\n\t<div id=\"text-1826707412\" class=\"text\">\n\t\t\n<h2>Kaynak Teknolojileri<\/h2>\n\t\t\n<style>\n#text-1826707412 {\n  font-size: 1rem;\n}\n@media (min-width:850px) {\n  #text-1826707412 {\n    font-size: 1.25rem;\n  }\n}\n<\/style>\n\t<\/div>\n\t\n\t<div id=\"gap-1366752672\" class=\"gap-element clearfix\" style=\"display:block; height:auto;\">\n\t\t\n<style>\n#gap-1366752672 {\n  padding-top: 10px;\n}\n<\/style>\n\t<\/div>\n\t\n<a class=\"button secondary is-link is-small\" >\n\t\t<span>Detayl\u0131 bilgi<\/span>\n\t<i class=\"icon-angle-right\" aria-hidden=\"true\"><\/i><\/a>\n\n\t\t<\/div>\n\t<\/div>\n\t<\/a>\n\t\n\t\t<\/div>\n\t\t\t\t\t<\/div>\n\n\t\n\n\t<div id=\"col-1876433449\" class=\"col medium-4 small-12 large-4\"  >\n\t\t\t\t<div class=\"col-inner\" style=\"background-color:rgb(228, 248, 246);\" >\n\t\t\t\n\t\t\t\n\n\t<a class=\"plain\" href=\"#\" >\t<div class=\"icon-box featured-box icon-box-center text-center\"  >\n\t\t\t\t<div class=\"icon-box-text last-reset\">\n\t\t\t\t\t\t\t\t\t\n\t<div id=\"text-1175316599\" class=\"text\">\n\t\t\n<h2>Plastik Enjeksiyon<\/h2>\n\t\t\n<style>\n#text-1175316599 {\n  font-size: 1rem;\n}\n@media (min-width:850px) {\n  #text-1175316599 {\n    font-size: 1.25rem;\n  }\n}\n<\/style>\n\t<\/div>\n\t\n\t<div id=\"gap-121905071\" class=\"gap-element clearfix\" style=\"display:block; height:auto;\">\n\t\t\n<style>\n#gap-121905071 {\n  padding-top: 10px;\n}\n<\/style>\n\t<\/div>\n\t\n<a class=\"button secondary is-link is-small\" >\n\t\t<span>Detayl\u0131 bilgi<\/span>\n\t<i class=\"icon-angle-right\" aria-hidden=\"true\"><\/i><\/a>\n\n\t\t<\/div>\n\t<\/div>\n\t<\/a>\n\t\n\t\t<\/div>\n\t\t\t\t\t<\/div>\n\n\t\n\n<style>\n#row-1784823899 > .col > .col-inner {\n  padding: 30px 20px 30px 20px;\n  border-radius: 5px;\n}\n@media (min-width:850px) {\n  #row-1784823899 > .col > .col-inner {\n    padding: 70px 40px 70px 40px;\n  }\n}\n<\/style>\n<\/div>\n\t\t<\/div>\n\n\t\t\n<style>\n#section_1547190603 {\n  padding-top: 40px;\n  padding-bottom: 40px;\n}\n@media (min-width:550px) {\n  #section_1547190603 {\n    padding-top: 70px;\n    padding-bottom: 70px;\n  }\n}\n<\/style>\n\t<\/section>\n\t\n","protected":false},"excerpt":{"rendered":"","protected":false},"author":1,"featured_media":0,"parent":0,"menu_order":0,"comment_status":"closed","ping_status":"closed","template":"page-blank.php","meta":{"footnotes":""},"class_list":["post-13","page","type-page","status-publish","hentry"],"_links":{"self":[{"href":"https:\/\/cosem.org.tr\/index.php\/wp-json\/wp\/v2\/pages\/13","targetHints":{"allow":["GET"]}}],"collection":[{"href":"https:\/\/cosem.org.tr\/index.php\/wp-json\/wp\/v2\/pages"}],"about":[{"href":"https:\/\/cosem.org.tr\/index.php\/wp-json\/wp\/v2\/types\/page"}],"author":[{"embeddable":true,"href":"https:\/\/cosem.org.tr\/index.php\/wp-json\/wp\/v2\/users\/1"}],"replies":[{"embeddable":true,"href":"https:\/\/cosem.org.tr\/index.php\/wp-json\/wp\/v2\/comments?post=13"}],"version-history":[{"count":16,"href":"https:\/\/cosem.org.tr\/index.php\/wp-json\/wp\/v2\/pages\/13\/revisions"}],"predecessor-version":[{"id":39,"href":"https:\/\/cosem.org.tr\/index.php\/wp-json\/wp\/v2\/pages\/13\/revisions\/39"}],"wp:attachment":[{"href":"https:\/\/cosem.org.tr\/index.php\/wp-json\/wp\/v2\/media?parent=13"}],"curies":[{"name":"wp","href":"https:\/\/api.w.org\/{rel}","templated":true}]}}